{"id":2480,"date":"2016-10-13T09:02:31","date_gmt":"2016-10-13T07:02:31","guid":{"rendered":"http:\/\/www.fermaison.com\/keskidev\/?page_id=2480"},"modified":"2025-05-27T18:49:25","modified_gmt":"2025-05-27T16:49:25","slug":"ateliers-autonomes-les-handipsys","status":"publish","type":"page","link":"https:\/\/www.keski.fr\/v2\/les-jeux\/ateliers-autonomes-les-handipsys\/","title":{"rendered":"Ateliers Autonomes Les HandiPsys"},"content":{"rendered":"\t\t<div data-elementor-type=\"wp-page\" data-elementor-id=\"2480\" class=\"elementor elementor-2480\" data-elementor-post-type=\"page\">\n\t\t\t\t\t\t<section class=\"elementor-section elementor-top-section elementor-element elementor-element-64207d55 elementor-section-boxed elementor-section-height-default elementor-section-height-default\" data-id=\"64207d55\" data-element_type=\"section\">\n\t\t\t\t\t\t<div class=\"elementor-container elementor-column-gap-default\">\n\t\t\t\t\t<div class=\"elementor-column elementor-col-100 elementor-top-column elementor-element elementor-element-325c153a\" data-id=\"325c153a\" data-element_type=\"column\">\n\t\t\t<div class=\"elementor-widget-wrap elementor-element-populated\">\n\t\t\t\t\t\t<section class=\"elementor-section elementor-inner-section elementor-element elementor-element-2c85181 elementor-section-boxed elementor-section-height-default elementor-section-height-default\" data-id=\"2c85181\" data-element_type=\"section\">\n\t\t\t\t\t\t<div class=\"elementor-container elementor-column-gap-default\">\n\t\t\t\t\t<div class=\"elementor-column elementor-col-100 elementor-inner-column elementor-element elementor-element-2e61fe7\" data-id=\"2e61fe7\" data-element_type=\"column\">\n\t\t\t<div class=\"elementor-widget-wrap elementor-element-populated\">\n\t\t\t\t\t\t<div class=\"elementor-element elementor-element-6db90a2 elementor-widget elementor-widget-text-editor\" data-id=\"6db90a2\" data-element_type=\"widget\" data-widget_type=\"text-editor.default\">\n\t\t\t\t<div class=\"elementor-widget-container\">\n\t\t\t\t\t\t\t\t\t<p style=\"text-align: center;\">L<b>es Ateliers HandiPsys<\/b> : des fiches Ateliers ludiques et p\u00e9dagogiques, \u00e0 consulter en groupe en en individuel, pour mieux conna\u00eetre les diff\u00e9rents troubles psychiques.<\/p>\t\t\t\t\t\t\t\t<\/div>\n\t\t\t\t<\/div>\n\t\t\t\t\t<\/div>\n\t\t<\/div>\n\t\t\t\t\t<\/div>\n\t\t<\/section>\n\t\t\t\t<section class=\"elementor-section elementor-inner-section elementor-element elementor-element-9fe03ab elementor-section-boxed elementor-section-height-default elementor-section-height-default\" data-id=\"9fe03ab\" data-element_type=\"section\">\n\t\t\t\t\t\t<div class=\"elementor-container elementor-column-gap-default\">\n\t\t\t\t\t<div class=\"elementor-column elementor-col-50 elementor-inner-column elementor-element elementor-element-d8aa132\" data-id=\"d8aa132\" data-element_type=\"column\">\n\t\t\t<div class=\"elementor-widget-wrap elementor-element-populated\">\n\t\t\t\t\t\t<div class=\"elementor-element elementor-element-27929f3 elementor-widget elementor-widget-text-editor\" data-id=\"27929f3\" data-element_type=\"widget\" data-widget_type=\"text-editor.default\">\n\t\t\t\t<div class=\"elementor-widget-container\">\n\t\t\t\t\t\t\t\t\t<p><strong>Objectifs :<\/strong><\/p><ul><li>Comprendre les impacts des handicaps psychiques dans le contexte professionnel<\/li><li>Faciliter l&rsquo;int\u00e9gration des personnes ayant un trouble psychique<\/li><li>Apporter des cl\u00e9s de compr\u00e9hension sur les attitudes adapt\u00e9es dans la relation avec une personne ayant un trouble psychique, que l&rsquo;on soit manager ou coll\u00e8gue<\/li><\/ul>\t\t\t\t\t\t\t\t<\/div>\n\t\t\t\t<\/div>\n\t\t\t\t\t<\/div>\n\t\t<\/div>\n\t\t\t\t<div class=\"elementor-column elementor-col-50 elementor-inner-column elementor-element elementor-element-e2311a9\" data-id=\"e2311a9\" data-element_type=\"column\">\n\t\t\t<div class=\"elementor-widget-wrap elementor-element-populated\">\n\t\t\t\t\t\t<div class=\"elementor-element elementor-element-8475ec4 elementor-widget elementor-widget-image\" data-id=\"8475ec4\" data-element_type=\"widget\" data-widget_type=\"image.default\">\n\t\t\t\t<div class=\"elementor-widget-container\">\n\t\t\t\t\t\t\t\t\t\t\t\t\t\t\t<img fetchpriority=\"high\" decoding=\"async\" width=\"600\" height=\"500\" src=\"https:\/\/www.keski.fr\/v2\/wp-content\/uploads\/2023\/08\/valisette_handipsys.png\" class=\"attachment-large size-large wp-image-5204\" alt=\"\" srcset=\"https:\/\/www.keski.fr\/v2\/wp-content\/uploads\/2023\/08\/valisette_handipsys.png 600w, https:\/\/www.keski.fr\/v2\/wp-content\/uploads\/2023\/08\/valisette_handipsys-300x250.png 300w\" sizes=\"(max-width: 600px) 100vw, 600px\" \/>\t\t\t\t\t\t\t\t\t\t\t\t\t\t\t<\/div>\n\t\t\t\t<\/div>\n\t\t\t\t\t<\/div>\n\t\t<\/div>\n\t\t\t\t\t<\/div>\n\t\t<\/section>\n\t\t\t\t<section class=\"elementor-section elementor-inner-section elementor-element elementor-element-2354f6b elementor-section-boxed elementor-section-height-default elementor-section-height-default\" data-id=\"2354f6b\" data-element_type=\"section\">\n\t\t\t\t\t\t<div class=\"elementor-container elementor-column-gap-default\">\n\t\t\t\t\t<div class=\"elementor-column elementor-col-50 elementor-inner-column elementor-element elementor-element-38000c5\" data-id=\"38000c5\" data-element_type=\"column\">\n\t\t\t<div class=\"elementor-widget-wrap elementor-element-populated\">\n\t\t\t\t\t\t<div class=\"elementor-element elementor-element-dd7d470 elementor-widget elementor-widget-text-editor\" data-id=\"dd7d470\" data-element_type=\"widget\" data-widget_type=\"text-editor.default\">\n\t\t\t\t<div class=\"elementor-widget-container\">\n\t\t\t\t\t\t\t\t\t<p style=\"text-align: right;\"><strong>Prix :<\/strong> 180\u20ac TTC<\/p>\t\t\t\t\t\t\t\t<\/div>\n\t\t\t\t<\/div>\n\t\t\t\t\t<\/div>\n\t\t<\/div>\n\t\t\t\t<div class=\"elementor-column elementor-col-50 elementor-inner-column elementor-element elementor-element-3caca47\" data-id=\"3caca47\" data-element_type=\"column\">\n\t\t\t<div class=\"elementor-widget-wrap elementor-element-populated\">\n\t\t\t\t\t\t<div class=\"elementor-element elementor-element-299b685 elementor-widget elementor-widget-html\" data-id=\"299b685\" data-element_type=\"widget\" data-widget_type=\"html.default\">\n\t\t\t\t<div class=\"elementor-widget-container\">\n\t\t\t\t\t<form action=\"https:\/\/www.paypal.com\/cgi-bin\/webscr\" method=\"post\" target=\"paypal\"><input name=\"cmd\" type=\"hidden\" value=\"_s-xclick\" \/>\n<input name=\"hosted_button_id\" type=\"hidden\" value=\"ZHJ2TPLB56756\" \/>\n<input name=\"lc\" type=\"hidden\" value=\"FR\" \/>\n<input alt=\"PayPal - la solution de paiement en ligne la plus simple et la plus s\u00e9curis\u00e9e !\" name=\"submit\" src=\"https:\/\/www.paypalobjects.com\/fr_FR\/FR\/i\/btn\/btn_cart_LG.gif\" type=\"image\" \/><\/form><\/td>\t\t\t\t<\/div>\n\t\t\t\t<\/div>\n\t\t\t\t\t<\/div>\n\t\t<\/div>\n\t\t\t\t\t<\/div>\n\t\t<\/section>\n\t\t\t\t<section class=\"elementor-section elementor-inner-section elementor-element elementor-element-1bd8a2f elementor-section-boxed elementor-section-height-default elementor-section-height-default\" data-id=\"1bd8a2f\" data-element_type=\"section\">\n\t\t\t\t\t\t<div class=\"elementor-container elementor-column-gap-default\">\n\t\t\t\t\t<div class=\"elementor-column elementor-col-100 elementor-inner-column elementor-element elementor-element-e284276\" data-id=\"e284276\" data-element_type=\"column\">\n\t\t\t<div class=\"elementor-widget-wrap elementor-element-populated\">\n\t\t\t\t\t\t<div class=\"elementor-element elementor-element-69ab9e8 elementor-align-center elementor-widget elementor-widget-button\" data-id=\"69ab9e8\" data-element_type=\"widget\" data-widget_type=\"button.default\">\n\t\t\t\t<div class=\"elementor-widget-container\">\n\t\t\t\t\t\t\t\t\t<div class=\"elementor-button-wrapper\">\n\t\t\t\t\t<a class=\"elementor-button elementor-button-link elementor-size-sm\" href=\"https:\/\/www.keski.fr\/v2\/wp-content\/uploads\/2021\/03\/KESKI_PREZ_ATEL-AUT-HANDIPSY.pdf\">\n\t\t\t\t\t\t<span class=\"elementor-button-content-wrapper\">\n\t\t\t\t\t\t\t\t\t<span class=\"elementor-button-text\">Brochure Ateliers HandiPsys<\/span>\n\t\t\t\t\t<\/span>\n\t\t\t\t\t<\/a>\n\t\t\t\t<\/div>\n\t\t\t\t\t\t\t\t<\/div>\n\t\t\t\t<\/div>\n\t\t\t\t\t<\/div>\n\t\t<\/div>\n\t\t\t\t\t<\/div>\n\t\t<\/section>\n\t\t\t\t<section class=\"elementor-section elementor-inner-section elementor-element elementor-element-9e30b59 elementor-section-boxed elementor-section-height-default elementor-section-height-default\" data-id=\"9e30b59\" data-element_type=\"section\">\n\t\t\t\t\t\t<div class=\"elementor-container elementor-column-gap-default\">\n\t\t\t\t\t<div class=\"elementor-column elementor-col-100 elementor-inner-column elementor-element elementor-element-d9ef56c\" data-id=\"d9ef56c\" data-element_type=\"column\">\n\t\t\t<div class=\"elementor-widget-wrap elementor-element-populated\">\n\t\t\t\t\t\t<div class=\"elementor-element elementor-element-fdbae76 elementor-widget elementor-widget-text-editor\" data-id=\"fdbae76\" data-element_type=\"widget\" data-widget_type=\"text-editor.default\">\n\t\t\t\t<div class=\"elementor-widget-container\">\n\t\t\t\t\t\t\t\t\t<p><strong>Descriptif :<\/strong><\/p><p><span lang=\"FR\">La mallette comprend <strong>41 fiches <\/strong>A4, plastifi\u00e9es, r\u00e9parties en <strong>6 th\u00e8mes<\/strong> de sensibilisation aux troubles psychiques :<\/span><\/p>\t\t\t\t\t\t\t\t<\/div>\n\t\t\t\t<\/div>\n\t\t\t\t\t<\/div>\n\t\t<\/div>\n\t\t\t\t\t<\/div>\n\t\t<\/section>\n\t\t\t\t<section class=\"elementor-section elementor-inner-section elementor-element elementor-element-a19c3b0 elementor-section-boxed elementor-section-height-default elementor-section-height-default\" data-id=\"a19c3b0\" data-element_type=\"section\">\n\t\t\t\t\t\t<div class=\"elementor-container elementor-column-gap-default\">\n\t\t\t\t\t<div class=\"elementor-column elementor-col-50 elementor-inner-column elementor-element elementor-element-7770916\" data-id=\"7770916\" data-element_type=\"column\">\n\t\t\t<div class=\"elementor-widget-wrap elementor-element-populated\">\n\t\t\t\t\t\t<div class=\"elementor-element elementor-element-c590d39 elementor-widget elementor-widget-text-editor\" data-id=\"c590d39\" data-element_type=\"widget\" data-widget_type=\"text-editor.default\">\n\t\t\t\t<div class=\"elementor-widget-container\">\n\t\t\t\t\t\t\t\t\t<ul><li>D\u00e9pression<\/li><li style=\"margin: 0cm; margin-bottom: .0001pt; text-align: justify;\">Troubles anxieux (dont TOC)<\/li><li style=\"margin: 0cm; margin-bottom: .0001pt; text-align: justify;\" data-wp-editing=\"1\">Schizophr\u00e9nie<\/li><\/ul><p>\u00a0<\/p>\t\t\t\t\t\t\t\t<\/div>\n\t\t\t\t<\/div>\n\t\t\t\t\t<\/div>\n\t\t<\/div>\n\t\t\t\t<div class=\"elementor-column elementor-col-50 elementor-inner-column elementor-element elementor-element-958bfa1\" data-id=\"958bfa1\" data-element_type=\"column\">\n\t\t\t<div class=\"elementor-widget-wrap elementor-element-populated\">\n\t\t\t\t\t\t<div class=\"elementor-element elementor-element-c075758 elementor-widget elementor-widget-text-editor\" data-id=\"c075758\" data-element_type=\"widget\" data-widget_type=\"text-editor.default\">\n\t\t\t\t<div class=\"elementor-widget-container\">\n\t\t\t\t\t\t\t\t\t<ul><li>Trouble bipolaire<\/li><li>Troubles addictifs<\/li><li>Troubles de la personnalit\u00e9 (parano\u00efaque, \u00e9vitante, histrionique, obsessionnelle, narcissique, schizo\u00efde, borderline ou limite)<\/li><\/ul>\t\t\t\t\t\t\t\t<\/div>\n\t\t\t\t<\/div>\n\t\t\t\t\t<\/div>\n\t\t<\/div>\n\t\t\t\t\t<\/div>\n\t\t<\/section>\n\t\t\t\t<div class=\"elementor-element elementor-element-1a0c5658 elementor-widget elementor-widget-text-editor\" data-id=\"1a0c5658\" data-element_type=\"widget\" data-widget_type=\"text-editor.default\">\n\t\t\t\t<div class=\"elementor-widget-container\">\n\t\t\t\t\t\t\t\t\t<p><span lang=\"FR\" style=\"color: #ee7e7c;\"><b>Chaque trouble abord\u00e9 comprend diff\u00e9rents types de fiches :<\/b><\/span><\/p><ul><li>Fiche <em><b>\u00c9nigme<\/b><\/em> pour mieux comprendre la situation de handicap li\u00e9e \u00e0 un trouble psychique<\/li><li>Fiche <em><b>Situations g\u00e2chettes<\/b><\/em> pour appr\u00e9hender les ph\u00e9nom\u00e8nes amplificateurs<\/li><li>Fiches <b><em>Attitudes<\/em> et <em>Management<\/em><\/b> afin de s\u2019approprier les comportements adapt\u00e9s en milieu professionnel, en tant que coll\u00e8gue ou manager ;<\/li><li>Fiche <em><b>Informations g\u00e9n\u00e9riques<\/b> <\/em>pour acqu\u00e9rir des connaissances essentielles sur les troubles psychiques (id\u00e9es re\u00e7ues, diff\u00e9rence avec le handicap mental, peurs, d\u00e9ni, communication\u2026)<\/li><\/ul><p>\u00a0<\/p>\t\t\t\t\t\t\t\t<\/div>\n\t\t\t\t<\/div>\n\t\t\t\t<section class=\"elementor-section elementor-inner-section elementor-element elementor-element-e3a927a elementor-section-boxed elementor-section-height-default elementor-section-height-default\" data-id=\"e3a927a\" data-element_type=\"section\">\n\t\t\t\t\t\t<div class=\"elementor-container elementor-column-gap-default\">\n\t\t\t\t\t<div class=\"elementor-column elementor-col-50 elementor-inner-column elementor-element elementor-element-3cb0f69\" data-id=\"3cb0f69\" data-element_type=\"column\">\n\t\t\t<div class=\"elementor-widget-wrap elementor-element-populated\">\n\t\t\t\t\t\t<div class=\"elementor-element elementor-element-983ee96 elementor-widget elementor-widget-text-editor\" data-id=\"983ee96\" data-element_type=\"widget\" data-widget_type=\"text-editor.default\">\n\t\t\t\t<div class=\"elementor-widget-container\">\n\t\t\t\t\t\t\t\t\t<p><strong>Modalit\u00e9s :<\/strong> les fiches peuvent \u00eatre consult\u00e9es en autonomie. La r\u00e9ponse se trouve sous un cache \u00e0 soulever.<\/p><p><strong>Dur\u00e9e :<\/strong> 4 \u00e0 5 minutes pour l&rsquo;ensemble des fiches de chaque th\u00e9matique<\/p>\t\t\t\t\t\t\t\t<\/div>\n\t\t\t\t<\/div>\n\t\t\t\t\t<\/div>\n\t\t<\/div>\n\t\t\t\t<div class=\"elementor-column elementor-col-50 elementor-inner-column elementor-element elementor-element-69a2520\" data-id=\"69a2520\" data-element_type=\"column\">\n\t\t\t<div class=\"elementor-widget-wrap elementor-element-populated\">\n\t\t\t\t\t\t<div class=\"elementor-element elementor-element-41a54f8 elementor-widget elementor-widget-text-editor\" data-id=\"41a54f8\" data-element_type=\"widget\" data-widget_type=\"text-editor.default\">\n\t\t\t\t<div class=\"elementor-widget-container\">\n\t\t\t\t\t\t\t\t\t<p><strong>Composition de l&rsquo;Atelier HandiPsys :<\/strong><\/p><ul><li>Une mallette de jeu en plastique (L x l x h = 32 x 28 x 6)<\/li><li>41 Fiches-Ateliers au format A4, plastifi\u00e9es<\/li><li>Un guide d\u2019animation<\/li><\/ul>\t\t\t\t\t\t\t\t<\/div>\n\t\t\t\t<\/div>\n\t\t\t\t\t<\/div>\n\t\t<\/div>\n\t\t\t\t\t<\/div>\n\t\t<\/section>\n\t\t\t\t<section class=\"elementor-section elementor-inner-section elementor-element elementor-element-3bad60b elementor-section-boxed elementor-section-height-default elementor-section-height-default\" data-id=\"3bad60b\" data-element_type=\"section\">\n\t\t\t\t\t\t<div class=\"elementor-container elementor-column-gap-default\">\n\t\t\t\t\t<div class=\"elementor-column elementor-col-100 elementor-inner-column elementor-element elementor-element-21a16e4\" data-id=\"21a16e4\" data-element_type=\"column\">\n\t\t\t<div class=\"elementor-widget-wrap elementor-element-populated\">\n\t\t\t\t\t\t<div class=\"elementor-element elementor-element-8ed0e99 elementor-widget elementor-widget-image\" data-id=\"8ed0e99\" data-element_type=\"widget\" data-widget_type=\"image.default\">\n\t\t\t\t<div class=\"elementor-widget-container\">\n\t\t\t\t\t\t\t\t\t\t\t\t\t\t\t<img decoding=\"async\" width=\"1024\" height=\"409\" src=\"https:\/\/www.keski.fr\/v2\/wp-content\/uploads\/2024\/10\/KESKI_FICHES_ATHPSYS-1024x409.webp\" class=\"attachment-large size-large wp-image-5698\" alt=\"\" srcset=\"https:\/\/www.keski.fr\/v2\/wp-content\/uploads\/2024\/10\/KESKI_FICHES_ATHPSYS-1024x409.webp 1024w, https:\/\/www.keski.fr\/v2\/wp-content\/uploads\/2024\/10\/KESKI_FICHES_ATHPSYS-300x120.webp 300w, https:\/\/www.keski.fr\/v2\/wp-content\/uploads\/2024\/10\/KESKI_FICHES_ATHPSYS-768x307.webp 768w, https:\/\/www.keski.fr\/v2\/wp-content\/uploads\/2024\/10\/KESKI_FICHES_ATHPSYS-600x239.webp 600w, https:\/\/www.keski.fr\/v2\/wp-content\/uploads\/2024\/10\/KESKI_FICHES_ATHPSYS.webp 1368w\" sizes=\"(max-width: 1024px) 100vw, 1024px\" \/>\t\t\t\t\t\t\t\t\t\t\t\t\t\t\t<\/div>\n\t\t\t\t<\/div>\n\t\t\t\t\t<\/div>\n\t\t<\/div>\n\t\t\t\t\t<\/div>\n\t\t<\/section>\n\t\t\t\t\t<\/div>\n\t\t<\/div>\n\t\t\t\t\t<\/div>\n\t\t<\/section>\n\t\t\t\t<section class=\"elementor-section elementor-top-section elementor-element elementor-element-7111fa52 elementor-section-boxed elementor-section-height-default elementor-section-height-default\" data-id=\"7111fa52\" data-element_type=\"section\">\n\t\t\t\t\t\t<div class=\"elementor-container elementor-column-gap-default\">\n\t\t\t\t\t<div class=\"elementor-column elementor-col-50 elementor-top-column elementor-element elementor-element-12d8d071\" data-id=\"12d8d071\" data-element_type=\"column\">\n\t\t\t<div class=\"elementor-widget-wrap elementor-element-populated\">\n\t\t\t\t\t\t<div class=\"elementor-element elementor-element-1dcf18c elementor-widget elementor-widget-button\" data-id=\"1dcf18c\" data-element_type=\"widget\" data-widget_type=\"button.default\">\n\t\t\t\t<div class=\"elementor-widget-container\">\n\t\t\t\t\t\t\t\t\t<div class=\"elementor-button-wrapper\">\n\t\t\t\t\t<a class=\"elementor-button elementor-button-link elementor-size-md\" href=\"https:\/\/www.keski.fr\/v2\/boutique\/\">\n\t\t\t\t\t\t<span class=\"elementor-button-content-wrapper\">\n\t\t\t\t\t\t\t\t\t<span class=\"elementor-button-text\">Commander sur notre boutique en ligne uniquement pour la France m\u00e9tropolitaine<\/span>\n\t\t\t\t\t<\/span>\n\t\t\t\t\t<\/a>\n\t\t\t\t<\/div>\n\t\t\t\t\t\t\t\t<\/div>\n\t\t\t\t<\/div>\n\t\t\t\t\t<\/div>\n\t\t<\/div>\n\t\t\t\t<div class=\"elementor-column elementor-col-50 elementor-top-column elementor-element elementor-element-7e5dfea4\" data-id=\"7e5dfea4\" data-element_type=\"column\">\n\t\t\t<div class=\"elementor-widget-wrap elementor-element-populated\">\n\t\t\t\t\t\t<div class=\"elementor-element elementor-element-38181ea9 elementor-widget elementor-widget-button\" data-id=\"38181ea9\" data-element_type=\"widget\" data-widget_type=\"button.default\">\n\t\t\t\t<div class=\"elementor-widget-container\">\n\t\t\t\t\t\t\t\t\t<div class=\"elementor-button-wrapper\">\n\t\t\t\t\t<a class=\"elementor-button elementor-button-link elementor-size-md\" href=\"https:\/\/www.keski.fr\/v2\/les-jeux\/modalites-de-commande\/\">\n\t\t\t\t\t\t<span class=\"elementor-button-content-wrapper\">\n\t\t\t\t\t\t\t\t\t<span class=\"elementor-button-text\">Demander un devis ou commander hors France m\u00e9tropolitaine <\/span>\n\t\t\t\t\t<\/span>\n\t\t\t\t\t<\/a>\n\t\t\t\t<\/div>\n\t\t\t\t\t\t\t\t<\/div>\n\t\t\t\t<\/div>\n\t\t\t\t\t<\/div>\n\t\t<\/div>\n\t\t\t\t\t<\/div>\n\t\t<\/section>\n\t\t\t\t<section class=\"elementor-section elementor-top-section elementor-element elementor-element-01adcfe elementor-section-boxed elementor-section-height-default elementor-section-height-default\" data-id=\"01adcfe\" data-element_type=\"section\">\n\t\t\t\t\t\t<div class=\"elementor-container elementor-column-gap-default\">\n\t\t\t\t\t<div class=\"elementor-column elementor-col-100 elementor-top-column elementor-element elementor-element-8110486\" data-id=\"8110486\" data-element_type=\"column\">\n\t\t\t<div class=\"elementor-widget-wrap elementor-element-populated\">\n\t\t\t\t\t\t<div class=\"elementor-element elementor-element-3c1b3d2 elementor-widget elementor-widget-text-editor\" data-id=\"3c1b3d2\" data-element_type=\"widget\" data-widget_type=\"text-editor.default\">\n\t\t\t\t<div class=\"elementor-widget-container\">\n\t\t\t\t\t\t\t\t\t<p align=\"center\"><b>Possibilit\u00e9 de faire appel \u00e0 l&rsquo;\u00e9quipe KESKI pour<\/b><\/p><ul><li>une <b>formation d&rsquo;une journ\u00e9e ou une demi-journ\u00e9e <\/b>vous apportant toutes les cl\u00e9s pour l&rsquo;animation des outils KESKI ;<\/li><li>une <b>animation sur-mesure<\/b> dans vos locaux et aupr\u00e8s de vos \u00e9quipes.\u00a0<\/li><\/ul><p align=\"center\"><b>Contactez-nous.<\/b><\/p>\t\t\t\t\t\t\t\t<\/div>\n\t\t\t\t<\/div>\n\t\t\t\t\t<\/div>\n\t\t<\/div>\n\t\t\t\t\t<\/div>\n\t\t<\/section>\n\t\t\t\t<\/div>\n\t\t","protected":false},"excerpt":{"rendered":"<p>Les Ateliers HandiPsys : des fiches Ateliers ludiques et p\u00e9dagogiques, \u00e0 consulter en groupe en en individuel, pour mieux conna\u00eetre les diff\u00e9rents troubles psychiques. Objectifs : Comprendre les impacts des handicaps psychiques dans le contexte professionnel Faciliter l&rsquo;int\u00e9gration des personnes ayant un trouble psychique Apporter des cl\u00e9s de compr\u00e9hension sur les attitudes adapt\u00e9es dans la [&hellip;]<\/p>\n","protected":false},"author":4,"featured_media":0,"parent":8,"menu_order":12,"comment_status":"closed","ping_status":"closed","template":"","meta":{"ocean_post_layout":"","ocean_both_sidebars_style":"","ocean_both_sidebars_content_width":0,"ocean_both_sidebars_sidebars_width":0,"ocean_sidebar":"0","ocean_second_sidebar":"0","ocean_disable_margins":"enable","ocean_add_body_class":"","ocean_shortcode_before_top_bar":"","ocean_shortcode_after_top_bar":"","ocean_shortcode_before_header":"","ocean_shortcode_after_header":"","ocean_has_shortcode":"","ocean_shortcode_after_title":"","ocean_shortcode_before_footer_widgets":"","ocean_shortcode_after_footer_widgets":"","ocean_shortcode_before_footer_bottom":"","ocean_shortcode_after_footer_bottom":"","ocean_display_top_bar":"default","ocean_display_header":"default","ocean_header_style":"","ocean_center_header_left_menu":"0","ocean_custom_header_template":"0","ocean_custom_logo":0,"ocean_custom_retina_logo":0,"ocean_custom_logo_max_width":0,"ocean_custom_logo_tablet_max_width":0,"ocean_custom_logo_mobile_max_width":0,"ocean_custom_logo_max_height":0,"ocean_custom_logo_tablet_max_height":0,"ocean_custom_logo_mobile_max_height":0,"ocean_header_custom_menu":"0","ocean_menu_typo_font_family":"0","ocean_menu_typo_font_subset":"","ocean_menu_typo_font_size":0,"ocean_menu_typo_font_size_tablet":0,"ocean_menu_typo_font_size_mobile":0,"ocean_menu_typo_font_size_unit":"px","ocean_menu_typo_font_weight":"","ocean_menu_typo_font_weight_tablet":"","ocean_menu_typo_font_weight_mobile":"","ocean_menu_typo_transform":"","ocean_menu_typo_transform_tablet":"","ocean_menu_typo_transform_mobile":"","ocean_menu_typo_line_height":0,"ocean_menu_typo_line_height_tablet":0,"ocean_menu_typo_line_height_mobile":0,"ocean_menu_typo_line_height_unit":"","ocean_menu_typo_spacing":0,"ocean_menu_typo_spacing_tablet":0,"ocean_menu_typo_spacing_mobile":0,"ocean_menu_typo_spacing_unit":"","ocean_menu_link_color":"","ocean_menu_link_color_hover":"","ocean_menu_link_color_active":"","ocean_menu_link_background":"","ocean_menu_link_hover_background":"","ocean_menu_link_active_background":"","ocean_menu_social_links_bg":"","ocean_menu_social_hover_links_bg":"","ocean_menu_social_links_color":"","ocean_menu_social_hover_links_color":"","ocean_disable_title":"default","ocean_disable_heading":"default","ocean_post_title":"","ocean_post_subheading":"","ocean_post_title_style":"","ocean_post_title_background_color":"","ocean_post_title_background":0,"ocean_post_title_bg_image_position":"","ocean_post_title_bg_image_attachment":"","ocean_post_title_bg_image_repeat":"","ocean_post_title_bg_image_size":"","ocean_post_title_height":0,"ocean_post_title_bg_overlay":0.5,"ocean_post_title_bg_overlay_color":"","ocean_disable_breadcrumbs":"default","ocean_breadcrumbs_color":"","ocean_breadcrumbs_separator_color":"","ocean_breadcrumbs_links_color":"","ocean_breadcrumbs_links_hover_color":"","ocean_display_footer_widgets":"default","ocean_display_footer_bottom":"default","ocean_custom_footer_template":"0","footnotes":""},"class_list":["post-2480","page","type-page","status-publish","hentry","entry","owp-thumbs-layout-horizontal","owp-btn-normal","owp-tabs-layout-horizontal","has-no-thumbnails","has-product-nav"],"_links":{"self":[{"href":"https:\/\/www.keski.fr\/v2\/wp-json\/wp\/v2\/pages\/2480","targetHints":{"allow":["GET"]}}],"collection":[{"href":"https:\/\/www.keski.fr\/v2\/wp-json\/wp\/v2\/pages"}],"about":[{"href":"https:\/\/www.keski.fr\/v2\/wp-json\/wp\/v2\/types\/page"}],"author":[{"embeddable":true,"href":"https:\/\/www.keski.fr\/v2\/wp-json\/wp\/v2\/users\/4"}],"replies":[{"embeddable":true,"href":"https:\/\/www.keski.fr\/v2\/wp-json\/wp\/v2\/comments?post=2480"}],"version-history":[{"count":48,"href":"https:\/\/www.keski.fr\/v2\/wp-json\/wp\/v2\/pages\/2480\/revisions"}],"predecessor-version":[{"id":6012,"href":"https:\/\/www.keski.fr\/v2\/wp-json\/wp\/v2\/pages\/2480\/revisions\/6012"}],"up":[{"embeddable":true,"href":"https:\/\/www.keski.fr\/v2\/wp-json\/wp\/v2\/pages\/8"}],"wp:attachment":[{"href":"https:\/\/www.keski.fr\/v2\/wp-json\/wp\/v2\/media?parent=2480"}],"curies":[{"name":"wp","href":"https:\/\/api.w.org\/{rel}","templated":true}]}}