{"id":3048,"date":"2019-05-07T13:55:42","date_gmt":"2019-05-07T11:55:42","guid":{"rendered":"http:\/\/www.fermaison.com\/keskidev\/?page_id=3048"},"modified":"2024-02-01T12:46:33","modified_gmt":"2024-02-01T10:46:33","slug":"kit-8-jeux-de-cartes","status":"publish","type":"page","link":"https:\/\/www.keski.fr\/v2\/les-jeux\/kit-8-jeux-de-cartes\/","title":{"rendered":"Kit 8 Jeux de Cartes"},"content":{"rendered":"\t\t<div data-elementor-type=\"wp-page\" data-elementor-id=\"3048\" class=\"elementor elementor-3048\" data-elementor-post-type=\"page\">\n\t\t\t\t\t\t<section class=\"elementor-section elementor-top-section elementor-element elementor-element-79d3a2a7 elementor-section-boxed elementor-section-height-default elementor-section-height-default\" data-id=\"79d3a2a7\" data-element_type=\"section\">\n\t\t\t\t\t\t<div class=\"elementor-container elementor-column-gap-default\">\n\t\t\t\t\t<div class=\"elementor-column elementor-col-100 elementor-top-column elementor-element elementor-element-4bb0310e\" data-id=\"4bb0310e\" data-element_type=\"column\">\n\t\t\t<div class=\"elementor-widget-wrap elementor-element-populated\">\n\t\t\t\t\t\t<section class=\"elementor-section elementor-inner-section elementor-element elementor-element-c0be661 elementor-section-boxed elementor-section-height-default elementor-section-height-default\" data-id=\"c0be661\" data-element_type=\"section\">\n\t\t\t\t\t\t<div class=\"elementor-container elementor-column-gap-default\">\n\t\t\t\t\t<div class=\"elementor-column elementor-col-100 elementor-inner-column elementor-element elementor-element-c0a12f4\" data-id=\"c0a12f4\" data-element_type=\"column\">\n\t\t\t<div class=\"elementor-widget-wrap elementor-element-populated\">\n\t\t\t\t\t\t<div class=\"elementor-element elementor-element-7b82595 elementor-widget elementor-widget-heading\" data-id=\"7b82595\" data-element_type=\"widget\" data-widget_type=\"heading.default\">\n\t\t\t\t<div class=\"elementor-widget-container\">\n\t\t\t\t\t<h2 class=\"elementor-heading-title elementor-size-default\">Un kit de 8 jeux de cartes pour sensibiliser au handicap, <br>\u00e0 la Diversit\u00e9 et au Vivre-Ensemble au travail<\/br><\/h2>\t\t\t\t<\/div>\n\t\t\t\t<\/div>\n\t\t\t\t\t<\/div>\n\t\t<\/div>\n\t\t\t\t\t<\/div>\n\t\t<\/section>\n\t\t\t\t<section class=\"elementor-section elementor-inner-section elementor-element elementor-element-5c9bafa elementor-section-boxed elementor-section-height-default elementor-section-height-default\" data-id=\"5c9bafa\" data-element_type=\"section\">\n\t\t\t\t\t\t<div class=\"elementor-container elementor-column-gap-default\">\n\t\t\t\t\t<div class=\"elementor-column elementor-col-50 elementor-inner-column elementor-element elementor-element-bfb6838\" data-id=\"bfb6838\" data-element_type=\"column\">\n\t\t\t<div class=\"elementor-widget-wrap elementor-element-populated\">\n\t\t\t\t\t\t<div class=\"elementor-element elementor-element-5782871 elementor-widget elementor-widget-image\" data-id=\"5782871\" data-element_type=\"widget\" data-widget_type=\"image.default\">\n\t\t\t\t<div class=\"elementor-widget-container\">\n\t\t\t\t\t\t\t\t\t\t\t\t\t\t\t<img fetchpriority=\"high\" decoding=\"async\" width=\"900\" height=\"750\" src=\"https:\/\/www.keski.fr\/v2\/wp-content\/uploads\/2023\/09\/kit_8_jeux.png\" class=\"attachment-large size-large wp-image-5272\" alt=\"\" srcset=\"https:\/\/www.keski.fr\/v2\/wp-content\/uploads\/2023\/09\/kit_8_jeux.png 900w, https:\/\/www.keski.fr\/v2\/wp-content\/uploads\/2023\/09\/kit_8_jeux-300x250.png 300w, https:\/\/www.keski.fr\/v2\/wp-content\/uploads\/2023\/09\/kit_8_jeux-768x640.png 768w, https:\/\/www.keski.fr\/v2\/wp-content\/uploads\/2023\/09\/kit_8_jeux-600x500.png 600w\" sizes=\"(max-width: 900px) 100vw, 900px\" \/>\t\t\t\t\t\t\t\t\t\t\t\t\t\t\t<\/div>\n\t\t\t\t<\/div>\n\t\t\t\t\t<\/div>\n\t\t<\/div>\n\t\t\t\t<div class=\"elementor-column elementor-col-50 elementor-inner-column elementor-element elementor-element-0bcb616\" data-id=\"0bcb616\" data-element_type=\"column\">\n\t\t\t<div class=\"elementor-widget-wrap elementor-element-populated\">\n\t\t\t\t\t\t<div class=\"elementor-element elementor-element-df378fe elementor-widget elementor-widget-text-editor\" data-id=\"df378fe\" data-element_type=\"widget\" data-widget_type=\"text-editor.default\">\n\t\t\t\t<div class=\"elementor-widget-container\">\n\t\t\t\t\t\t\t\t\t<p>Un sac avec les <strong>8 jeux de cartes p\u00e9dagogiques<\/strong> KESKI pour animer tous vos ateliers de sensibilisation.<\/p><p>Le kit comprend les jeux suivants : Les Handispensables, Les Hinvisibles, Les Cl\u00e9s de Dys, Les HandiPsys, J&rsquo;HandiAccueille, J&rsquo;HandiManage, Les Discriminables et Vivre Ensemble au Travail.<\/p><p>(le Kit ne comprend pas le jeu de cartes Hand17Familles).<\/p><p><span style=\"text-decoration: underline;\"><a href=\"https:\/\/www.keski.fr\/v2\/wp-content\/uploads\/2024\/02\/FLYERS-KESKI-8JEUX-2023-A5-WEB2.pdf\">T\u00e9l\u00e9chargez le flyer avec des id\u00e9es d&rsquo;animations<\/a><\/span> <\/p>\t\t\t\t\t\t\t\t<\/div>\n\t\t\t\t<\/div>\n\t\t\t\t\t<\/div>\n\t\t<\/div>\n\t\t\t\t\t<\/div>\n\t\t<\/section>\n\t\t\t\t<section class=\"elementor-section elementor-inner-section elementor-element elementor-element-e9a8fa1 elementor-section-boxed elementor-section-height-default elementor-section-height-default\" data-id=\"e9a8fa1\" data-element_type=\"section\">\n\t\t\t\t\t\t<div class=\"elementor-container elementor-column-gap-default\">\n\t\t\t\t\t<div class=\"elementor-column elementor-col-50 elementor-inner-column elementor-element elementor-element-40491a8\" data-id=\"40491a8\" data-element_type=\"column\">\n\t\t\t<div class=\"elementor-widget-wrap elementor-element-populated\">\n\t\t\t\t\t\t<div class=\"elementor-element elementor-element-9472e00 elementor-widget elementor-widget-text-editor\" data-id=\"9472e00\" data-element_type=\"widget\" data-widget_type=\"text-editor.default\">\n\t\t\t\t<div class=\"elementor-widget-container\">\n\t\t\t\t\t\t\t\t\t<p style=\"text-align: right;\"><strong>Prix :<\/strong> 120\u20ac TTC<\/p>\t\t\t\t\t\t\t\t<\/div>\n\t\t\t\t<\/div>\n\t\t\t\t\t<\/div>\n\t\t<\/div>\n\t\t\t\t<div class=\"elementor-column elementor-col-50 elementor-inner-column elementor-element elementor-element-3ae2673\" data-id=\"3ae2673\" data-element_type=\"column\">\n\t\t\t<div class=\"elementor-widget-wrap elementor-element-populated\">\n\t\t\t\t\t\t<div class=\"elementor-element elementor-element-86dfcf0 elementor-widget elementor-widget-html\" data-id=\"86dfcf0\" data-element_type=\"widget\" data-widget_type=\"html.default\">\n\t\t\t\t<div class=\"elementor-widget-container\">\n\t\t\t\t\t<form action=\"https:\/\/www.paypal.com\/cgi-bin\/webscr\" method=\"post\" target=\"_blank\"><input name=\"cmd\" type=\"hidden\" value=\"_s-xclick\" \/>\n<input name=\"hosted_button_id\" type=\"hidden\" value=\"64NTFABBVAGEY\" \/>\n<input name=\"currency_code\" type=\"hidden\" value=\"EUR\" \/>\n<input title=\"PayPal, votre r\u00e9flexe s\u00e9curit\u00e9 pour payer en ligne.\" alt=\"Ajouter au panier\" name=\"submit\" src=\"https:\/\/www.paypalobjects.com\/fr_FR\/i\/btn\/btn_cart_LG.gif\" type=\"image\" \/><\/form>\t\t\t\t<\/div>\n\t\t\t\t<\/div>\n\t\t\t\t\t<\/div>\n\t\t<\/div>\n\t\t\t\t\t<\/div>\n\t\t<\/section>\n\t\t\t\t<div class=\"elementor-element elementor-element-6e118915 elementor-widget elementor-widget-text-editor\" data-id=\"6e118915\" data-element_type=\"widget\" data-widget_type=\"text-editor.default\">\n\t\t\t\t<div class=\"elementor-widget-container\">\n\t\t\t\t\t\t\t\t\t<p><strong>A destination de diff\u00e9rents publics&nbsp;:<\/strong><\/p>\n<p><span style=\"color: #ee7e7c;\">Entreprises publiques et priv\u00e9es :<\/span><\/p>\n<ul>\n<li>R\u00e9f\u00e9rents et correspondants handicaps ;<\/li>\n<li>Missions handicap et diversit\u00e9 ;<\/li>\n<li>Services impliqu\u00e9s sur la question du Handicap&nbsp;: RH \u2013Recrutement \u2013 Formation \u2013 Sant\u00e9 et S\u00e9curit\u00e9 au Travail \u2013 Qualit\u00e9 de Vie au Travail \u2013 M\u00e9decine du travail \u2013 Organisations syndicales\u2026<\/li>\n<\/ul>\n<p><span style=\"color: #ee7e7c;\">Secteur associatif, \u00e9ducation, sportif et&nbsp; jeunesse&nbsp;:<\/span><\/p>\n<ul>\n<li>Personnels enseignants tous niveaux, du primaire au sup\u00e9rieur ;<\/li>\n<li>Accompagnateurs de personnes en situation de handicap ;<\/li>\n<li>Animateurs de centres de loisirs, p\u00e9riscolaires, sportifs\u2026<\/li>\n<\/ul>\t\t\t\t\t\t\t\t<\/div>\n\t\t\t\t<\/div>\n\t\t\t\t\t<\/div>\n\t\t<\/div>\n\t\t\t\t\t<\/div>\n\t\t<\/section>\n\t\t\t\t<\/div>\n\t\t","protected":false},"excerpt":{"rendered":"<p>Un kit de 8 jeux de cartes pour sensibiliser au handicap, \u00e0 la Diversit\u00e9 et au Vivre-Ensemble au travail Un sac avec les 8 jeux de cartes p\u00e9dagogiques KESKI pour animer tous vos ateliers de sensibilisation. Le kit comprend les jeux suivants : Les Handispensables, Les Hinvisibles, Les Cl\u00e9s de Dys, Les HandiPsys, J&rsquo;HandiAccueille, J&rsquo;HandiManage, [&hellip;]<\/p>\n","protected":false},"author":4,"featured_media":0,"parent":8,"menu_order":0,"comment_status":"closed","ping_status":"closed","template":"","meta":{"ocean_post_layout":"","ocean_both_sidebars_style":"","ocean_both_sidebars_content_width":0,"ocean_both_sidebars_sidebars_width":0,"ocean_sidebar":"0","ocean_second_sidebar":"0","ocean_disable_margins":"enable","ocean_add_body_class":"","ocean_shortcode_before_top_bar":"","ocean_shortcode_after_top_bar":"","ocean_shortcode_before_header":"","ocean_shortcode_after_header":"","ocean_has_shortcode":"","ocean_shortcode_after_title":"","ocean_shortcode_before_footer_widgets":"","ocean_shortcode_after_footer_widgets":"","ocean_shortcode_before_footer_bottom":"","ocean_shortcode_after_footer_bottom":"","ocean_display_top_bar":"default","ocean_display_header":"default","ocean_header_style":"","ocean_center_header_left_menu":"0","ocean_custom_header_template":"0","ocean_custom_logo":0,"ocean_custom_retina_logo":0,"ocean_custom_logo_max_width":0,"ocean_custom_logo_tablet_max_width":0,"ocean_custom_logo_mobile_max_width":0,"ocean_custom_logo_max_height":0,"ocean_custom_logo_tablet_max_height":0,"ocean_custom_logo_mobile_max_height":0,"ocean_header_custom_menu":"0","ocean_menu_typo_font_family":"0","ocean_menu_typo_font_subset":"","ocean_menu_typo_font_size":0,"ocean_menu_typo_font_size_tablet":0,"ocean_menu_typo_font_size_mobile":0,"ocean_menu_typo_font_size_unit":"px","ocean_menu_typo_font_weight":"","ocean_menu_typo_font_weight_tablet":"","ocean_menu_typo_font_weight_mobile":"","ocean_menu_typo_transform":"","ocean_menu_typo_transform_tablet":"","ocean_menu_typo_transform_mobile":"","ocean_menu_typo_line_height":0,"ocean_menu_typo_line_height_tablet":0,"ocean_menu_typo_line_height_mobile":0,"ocean_menu_typo_line_height_unit":"","ocean_menu_typo_spacing":0,"ocean_menu_typo_spacing_tablet":0,"ocean_menu_typo_spacing_mobile":0,"ocean_menu_typo_spacing_unit":"","ocean_menu_link_color":"","ocean_menu_link_color_hover":"","ocean_menu_link_color_active":"","ocean_menu_link_background":"","ocean_menu_link_hover_background":"","ocean_menu_link_active_background":"","ocean_menu_social_links_bg":"","ocean_menu_social_hover_links_bg":"","ocean_menu_social_links_color":"","ocean_menu_social_hover_links_color":"","ocean_disable_title":"default","ocean_disable_heading":"default","ocean_post_title":"","ocean_post_subheading":"","ocean_post_title_style":"","ocean_post_title_background_color":"","ocean_post_title_background":0,"ocean_post_title_bg_image_position":"","ocean_post_title_bg_image_attachment":"","ocean_post_title_bg_image_repeat":"","ocean_post_title_bg_image_size":"","ocean_post_title_height":0,"ocean_post_title_bg_overlay":0.5,"ocean_post_title_bg_overlay_color":"","ocean_disable_breadcrumbs":"default","ocean_breadcrumbs_color":"","ocean_breadcrumbs_separator_color":"","ocean_breadcrumbs_links_color":"","ocean_breadcrumbs_links_hover_color":"","ocean_display_footer_widgets":"default","ocean_display_footer_bottom":"default","ocean_custom_footer_template":"0","footnotes":""},"class_list":["post-3048","page","type-page","status-publish","hentry","entry","owp-thumbs-layout-horizontal","owp-btn-normal","owp-tabs-layout-horizontal","has-no-thumbnails","has-product-nav"],"_links":{"self":[{"href":"https:\/\/www.keski.fr\/v2\/wp-json\/wp\/v2\/pages\/3048","targetHints":{"allow":["GET"]}}],"collection":[{"href":"https:\/\/www.keski.fr\/v2\/wp-json\/wp\/v2\/pages"}],"about":[{"href":"https:\/\/www.keski.fr\/v2\/wp-json\/wp\/v2\/types\/page"}],"author":[{"embeddable":true,"href":"https:\/\/www.keski.fr\/v2\/wp-json\/wp\/v2\/users\/4"}],"replies":[{"embeddable":true,"href":"https:\/\/www.keski.fr\/v2\/wp-json\/wp\/v2\/comments?post=3048"}],"version-history":[{"count":61,"href":"https:\/\/www.keski.fr\/v2\/wp-json\/wp\/v2\/pages\/3048\/revisions"}],"predecessor-version":[{"id":5603,"href":"https:\/\/www.keski.fr\/v2\/wp-json\/wp\/v2\/pages\/3048\/revisions\/5603"}],"up":[{"embeddable":true,"href":"https:\/\/www.keski.fr\/v2\/wp-json\/wp\/v2\/pages\/8"}],"wp:attachment":[{"href":"https:\/\/www.keski.fr\/v2\/wp-json\/wp\/v2\/media?parent=3048"}],"curies":[{"name":"wp","href":"https:\/\/api.w.org\/{rel}","templated":true}]}}