{"id":969,"date":"2013-03-18T10:19:09","date_gmt":"2013-03-18T08:19:09","guid":{"rendered":"http:\/\/www.fermaison.com\/keskidev\/?page_id=969"},"modified":"2025-12-05T12:24:42","modified_gmt":"2025-12-05T10:24:42","slug":"modalites-de-commande","status":"publish","type":"page","link":"https:\/\/www.keski.fr\/v2\/les-jeux\/modalites-de-commande\/","title":{"rendered":"Pour commander"},"content":{"rendered":"\n<h4 class=\"wp-block-heading has-text-align-center\"> EN FRANCE M\u00c9TROPOLITAINE<span style=\"color: #993366;\"><\/span><\/h4>\n\n\n\n<p class=\"has-text-align-center\"><strong>2 possibilit\u00e9s :<\/strong><\/p>\n\n\n\n<div class=\"wp-block-group\"><div class=\"wp-block-group__inner-container is-layout-flow wp-block-group-is-layout-flow\">\n<div class=\"wp-block-group\"><div class=\"wp-block-group__inner-container is-layout-flow wp-block-group-is-layout-flow\">\n<div class=\"wp-block-group has-very-light-gray-color has-text-color\"><div class=\"wp-block-group__inner-container is-layout-flow wp-block-group-is-layout-flow\">\n<div class=\"wp-block-group has-background\" style=\"background-color:#9ad7e1\"><div class=\"wp-block-group__inner-container is-layout-flow wp-block-group-is-layout-flow\">\n<div class=\"wp-block-group has-text-color\" style=\"color:#fcfeff\"><div class=\"wp-block-group__inner-container is-layout-flow wp-block-group-is-layout-flow\">\n<ol start=\"1\" class=\"wp-block-list\">\n<li><strong>T\u00e9l\u00e9chargez notre <a href=\"https:\/\/www.keski.fr\/v2\/wp-content\/uploads\/2025\/06\/KESKI-BON-DE-COMMANDE.xlsx\" target=\"_blank\" rel=\"noreferrer noopener\">BON DE COMMANDE<\/a><span style=\"color: #993366;\"> <\/span>et envoyez-le compl\u00e9t\u00e9 par mail \u00e0 <span style=\"color: #993366;\"><a style=\"color: #993366;\" href=\"mailto:contact@keski.fr\"><span class=\"has-inline-color has-vivid-cyan-blue-color\">contact@keski.fr<\/span><\/a><\/span> ou<span style=\"color: #993366;\"><\/span> par courrier \u00e0 l\u2019adresse indiqu\u00e9e sur le bon de commande<\/strong><\/li>\n<\/ol>\n<\/div><\/div>\n<\/div><\/div>\n<\/div><\/div>\n<\/div><\/div>\n<\/div><\/div>\n\n\n\n<div class=\"wp-block-group\"><div class=\"wp-block-group__inner-container is-layout-flow wp-block-group-is-layout-flow\">\n<div class=\"wp-block-group has-cyan-bluish-gray-color has-text-color\"><div class=\"wp-block-group__inner-container is-layout-flow wp-block-group-is-layout-flow\">\n<p>Le r\u00e8glement de vos achats peut se faire par :<\/p>\n\n\n\n<div class=\"wp-block-group\"><div class=\"wp-block-group__inner-container is-layout-flow wp-block-group-is-layout-flow\">\n<div class=\"wp-block-group\"><div class=\"wp-block-group__inner-container is-layout-flow wp-block-group-is-layout-flow\">\n<ul class=\"wp-block-list\">\n<li>Ch\u00e8que \u00e0 l\u2019ordre de KESKI<\/li>\n\n\n\n<li>Carte bancaire<\/li>\n\n\n\n<li>Virement bancaire<\/li>\n\n\n\n<li>Mandat administratif<\/li>\n<\/ul>\n<\/div><\/div>\n<\/div><\/div>\n<\/div><\/div>\n<\/div><\/div>\n\n\n\n<div class=\"wp-block-group\"><div class=\"wp-block-group__inner-container is-layout-flow wp-block-group-is-layout-flow\">\n<div class=\"wp-block-group\"><div class=\"wp-block-group__inner-container is-layout-flow wp-block-group-is-layout-flow\">\n<div class=\"wp-block-group has-background\" style=\"background-color:#9ad7e1\"><div class=\"wp-block-group__inner-container is-layout-flow wp-block-group-is-layout-flow\">\n<div class=\"wp-block-group has-text-color\" style=\"color:#ffffff\"><div class=\"wp-block-group__inner-container is-layout-flow wp-block-group-is-layout-flow\">\n<ol start=\"2\" class=\"wp-block-list\">\n<li><strong>Commandez et r\u00e9glez directement dans notre  <a href=\"https:\/\/www.keski.fr\/v2\/boutique\/\" target=\"_blank\" rel=\"noreferrer noopener\">Boutique en ligne<\/a> <\/strong><span style=\"color: #993366;\"><\/span>(Paiement Paypal ou Carte Bancaire s\u00e9curis\u00e9)<\/li>\n<\/ol>\n<\/div><\/div>\n<\/div><\/div>\n<\/div><\/div>\n<\/div><\/div>\n\n\n\n<div class=\"wp-block-group\"><div class=\"wp-block-group__inner-container is-layout-flow wp-block-group-is-layout-flow\">\n<p class=\"has-small-font-size\"><span style=\"background-color:rgba(0, 0, 0, 0)\" class=\"has-inline-color has-luminous-vivid-orange-color\">Si vous d\u00e9sirez un intitul\u00e9 de facturation diff\u00e9rent des coordonn\u00e9es de livraison, nous vous conseillons vivement de nous le signaler par simple mail car nous n\u2019avons pas toujours l\u2019information m\u00eame si vous le notifiez lors de votre paiement.<\/span><\/p>\n<\/div><\/div>\n\n\n\n<hr class=\"wp-block-separator has-css-opacity\"\/>\n\n\n\n<div class=\"wp-block-group\"><div class=\"wp-block-group__inner-container is-layout-flow wp-block-group-is-layout-flow\">\n<h4 class=\"wp-block-heading has-text-align-center\"><span style=\"background-color:rgba(0, 0, 0, 0)\" class=\"has-inline-color has-luminous-vivid-orange-color\">HORS<\/span> FRANCE M\u00c9TROPOLITAINE<\/h4>\n\n\n\n<div class=\"wp-block-group\"><div class=\"wp-block-group__inner-container is-layout-flow wp-block-group-is-layout-flow\">\n<div class=\"wp-block-group\"><div class=\"wp-block-group__inner-container is-layout-flow wp-block-group-is-layout-flow\">\n<div class=\"wp-block-group\"><div class=\"wp-block-group__inner-container is-layout-flow wp-block-group-is-layout-flow\">\n<p><strong>Contactez-nous<\/strong> <strong>directement par mail<\/strong>&nbsp; <a href=\"mailto:contact@keski.fr\">contact@keski.fr<\/a> <span style=\"color: #993366;\"><\/span>pour des raisons de calcul de frais d\u2019exp\u00e9dition et de possible r\u00e9duction de TVA. <\/p>\n\n\n\n<p>Nous vous \u00e9tablirons un devis que vous pourrez r\u00e9gler par virement (ou par carte bancaire si vous en faites la demande). <span style=\"color: #ff0000;\"><span class=\"has-inline-color has-luminous-vivid-orange-color\">Merci de ne pas utiliser notre boutique en ligne.<\/span><\/span><\/p>\n<\/div><\/div>\n<\/div><\/div>\n<\/div><\/div>\n<\/div><\/div>\n\n\n\n<hr class=\"wp-block-separator has-css-opacity\"\/>\n\n\n\n<p><strong>D\u00c9LAIS DE LIVRAISON<\/strong><\/p>\n\n\n\n<p>A partir de la r\u00e9ception de votre commande, il faut compter 1 semaine (jours ouvr\u00e9s) de d\u00e9lai pour la livraison<\/p>\n\n\n\n<p>&nbsp;<strong>FRAIS D\u2019EXP\u00c9DITION<\/strong><\/p>\n\n\n\n<div class=\"wp-block-group\"><div class=\"wp-block-group__inner-container is-layout-flow wp-block-group-is-layout-flow\">\n<ul class=\"wp-block-list\">\n<li>Les frais de port sont entre 7,5 \u20ac et 15,50\u20ac TTC pour toute commande en France M\u00e9tropolitaine.<\/li>\n\n\n\n<li>Pour les commandes hors France m\u00e9tropolitaine, merci de nous contacter pour le calcul des frais de port.<\/li>\n<\/ul>\n<\/div><\/div>\n\n\n\n<p><\/p>\n","protected":false},"excerpt":{"rendered":"<p>EN FRANCE M\u00c9TROPOLITAINE 2 possibilit\u00e9s : Le r\u00e8glement de vos achats peut se faire par : Si vous d\u00e9sirez un intitul\u00e9 de facturation diff\u00e9rent des coordonn\u00e9es de livraison, nous vous conseillons vivement de nous le signaler par simple mail car nous n\u2019avons pas toujours l\u2019information m\u00eame si vous le notifiez lors de votre paiement. HORS [&hellip;]<\/p>\n","protected":false},"author":4,"featured_media":0,"parent":8,"menu_order":0,"comment_status":"closed","ping_status":"closed","template":"","meta":{"ocean_post_layout":"","ocean_both_sidebars_style":"","ocean_both_sidebars_content_width":0,"ocean_both_sidebars_sidebars_width":0,"ocean_sidebar":"0","ocean_second_sidebar":"0","ocean_disable_margins":"enable","ocean_add_body_class":"","ocean_shortcode_before_top_bar":"","ocean_shortcode_after_top_bar":"","ocean_shortcode_before_header":"","ocean_shortcode_after_header":"","ocean_has_shortcode":"","ocean_shortcode_after_title":"","ocean_shortcode_before_footer_widgets":"","ocean_shortcode_after_footer_widgets":"","ocean_shortcode_before_footer_bottom":"","ocean_shortcode_after_footer_bottom":"","ocean_display_top_bar":"default","ocean_display_header":"default","ocean_header_style":"","ocean_center_header_left_menu":"0","ocean_custom_header_template":"0","ocean_custom_logo":0,"ocean_custom_retina_logo":0,"ocean_custom_logo_max_width":0,"ocean_custom_logo_tablet_max_width":0,"ocean_custom_logo_mobile_max_width":0,"ocean_custom_logo_max_height":0,"ocean_custom_logo_tablet_max_height":0,"ocean_custom_logo_mobile_max_height":0,"ocean_header_custom_menu":"0","ocean_menu_typo_font_family":"0","ocean_menu_typo_font_subset":"","ocean_menu_typo_font_size":0,"ocean_menu_typo_font_size_tablet":0,"ocean_menu_typo_font_size_mobile":0,"ocean_menu_typo_font_size_unit":"px","ocean_menu_typo_font_weight":"","ocean_menu_typo_font_weight_tablet":"","ocean_menu_typo_font_weight_mobile":"","ocean_menu_typo_transform":"","ocean_menu_typo_transform_tablet":"","ocean_menu_typo_transform_mobile":"","ocean_menu_typo_line_height":0,"ocean_menu_typo_line_height_tablet":0,"ocean_menu_typo_line_height_mobile":0,"ocean_menu_typo_line_height_unit":"","ocean_menu_typo_spacing":0,"ocean_menu_typo_spacing_tablet":0,"ocean_menu_typo_spacing_mobile":0,"ocean_menu_typo_spacing_unit":"","ocean_menu_link_color":"","ocean_menu_link_color_hover":"","ocean_menu_link_color_active":"","ocean_menu_link_background":"","ocean_menu_link_hover_background":"","ocean_menu_link_active_background":"","ocean_menu_social_links_bg":"","ocean_menu_social_hover_links_bg":"","ocean_menu_social_links_color":"","ocean_menu_social_hover_links_color":"","ocean_disable_title":"default","ocean_disable_heading":"default","ocean_post_title":"","ocean_post_subheading":"","ocean_post_title_style":"","ocean_post_title_background_color":"","ocean_post_title_background":0,"ocean_post_title_bg_image_position":"","ocean_post_title_bg_image_attachment":"","ocean_post_title_bg_image_repeat":"","ocean_post_title_bg_image_size":"","ocean_post_title_height":0,"ocean_post_title_bg_overlay":0.5,"ocean_post_title_bg_overlay_color":"","ocean_disable_breadcrumbs":"default","ocean_breadcrumbs_color":"","ocean_breadcrumbs_separator_color":"","ocean_breadcrumbs_links_color":"","ocean_breadcrumbs_links_hover_color":"","ocean_display_footer_widgets":"default","ocean_display_footer_bottom":"default","ocean_custom_footer_template":"0","footnotes":""},"class_list":["post-969","page","type-page","status-publish","hentry","entry","owp-thumbs-layout-horizontal","owp-btn-normal","owp-tabs-layout-horizontal","has-no-thumbnails","has-product-nav"],"_links":{"self":[{"href":"https:\/\/www.keski.fr\/v2\/wp-json\/wp\/v2\/pages\/969","targetHints":{"allow":["GET"]}}],"collection":[{"href":"https:\/\/www.keski.fr\/v2\/wp-json\/wp\/v2\/pages"}],"about":[{"href":"https:\/\/www.keski.fr\/v2\/wp-json\/wp\/v2\/types\/page"}],"author":[{"embeddable":true,"href":"https:\/\/www.keski.fr\/v2\/wp-json\/wp\/v2\/users\/4"}],"replies":[{"embeddable":true,"href":"https:\/\/www.keski.fr\/v2\/wp-json\/wp\/v2\/comments?post=969"}],"version-history":[{"count":100,"href":"https:\/\/www.keski.fr\/v2\/wp-json\/wp\/v2\/pages\/969\/revisions"}],"predecessor-version":[{"id":6624,"href":"https:\/\/www.keski.fr\/v2\/wp-json\/wp\/v2\/pages\/969\/revisions\/6624"}],"up":[{"embeddable":true,"href":"https:\/\/www.keski.fr\/v2\/wp-json\/wp\/v2\/pages\/8"}],"wp:attachment":[{"href":"https:\/\/www.keski.fr\/v2\/wp-json\/wp\/v2\/media?parent=969"}],"curies":[{"name":"wp","href":"https:\/\/api.w.org\/{rel}","templated":true}]}}